{"id":91,"date":"2021-05-27T20:55:21","date_gmt":"2021-05-27T17:55:21","guid":{"rendered":"https:\/\/instantmetal.wordpress.com\/?page_id=91"},"modified":"2026-03-02T18:43:42","modified_gmt":"2026-03-02T18:43:42","slug":"yhteystiedot","status":"publish","type":"page","link":"https:\/\/www.tmikuparinen.fi\/index.php\/yhteystiedot\/","title":{"rendered":"Yhteystiedot"},"content":{"rendered":"\n<div class=\"wp-block-cover alignfull is-light\" style=\"padding-top:0px;padding-right:0px;padding-bottom:0px;padding-left:0px\"><img loading=\"lazy\" decoding=\"async\" width=\"2560\" height=\"1707\" class=\"wp-block-cover__image-background wp-image-267\" alt=\"\" src=\"http:\/\/www.instantmetal.fi\/wp-content\/uploads\/2021\/05\/instant-metal-kuva4-scaled.jpg\" style=\"object-position:51% 40%\" data-object-fit=\"cover\" data-object-position=\"51% 40%\" srcset=\"https:\/\/www.tmikuparinen.fi\/wp-content\/uploads\/2021\/05\/instant-metal-kuva4-scaled.jpg 2560w, https:\/\/www.tmikuparinen.fi\/wp-content\/uploads\/2021\/05\/instant-metal-kuva4-300x200.jpg 300w, https:\/\/www.tmikuparinen.fi\/wp-content\/uploads\/2021\/05\/instant-metal-kuva4-1024x683.jpg 1024w, https:\/\/www.tmikuparinen.fi\/wp-content\/uploads\/2021\/05\/instant-metal-kuva4-768x512.jpg 768w, https:\/\/www.tmikuparinen.fi\/wp-content\/uploads\/2021\/05\/instant-metal-kuva4-1536x1024.jpg 1536w, https:\/\/www.tmikuparinen.fi\/wp-content\/uploads\/2021\/05\/instant-metal-kuva4-2048x1365.jpg 2048w, https:\/\/www.tmikuparinen.fi\/wp-content\/uploads\/2021\/05\/instant-metal-kuva4-1568x1045.jpg 1568w\" sizes=\"auto, (max-width: 2560px) 100vw, 2560px\" \/><span aria-hidden=\"true\" class=\"wp-block-cover__background has-black-background-color has-background-dim\"><\/span><div class=\"wp-block-cover__inner-container is-layout-flow wp-block-cover-is-layout-flow\">\n<h1 class=\"wp-block-heading has-text-align-center has-white-color has-text-color\"><strong>Yhteystiedot<\/strong><\/h1>\n<\/div><\/div>\n\n\n\n<div style=\"height:15px\" aria-hidden=\"true\" class=\"wp-block-spacer\"><\/div>\n\n\n\n<h3 class=\"wp-block-heading\">Soita tai l\u00e4het\u00e4 s\u00e4hk\u00f6postia. Vastaamme viipym\u00e4tt\u00e4 kaikkiin tiedusteluihin ja tarjouspyynt\u00f6ihin!<\/h3>\n\n\n\n<hr class=\"wp-block-separator has-text-color has-css-opacity has-background is-style-wide\" style=\"background-color:#727c86;color:#727c86\"\/>\n\n\n\n<h2 class=\"wp-block-heading\">Yhteystiedot<\/h2>\n\n\n\n<div class=\"wp-block-columns is-layout-flex wp-container-core-columns-is-layout-9d6595d7 wp-block-columns-is-layout-flex\">\n<div class=\"wp-block-column is-layout-flow wp-block-column-is-layout-flow\">\n<p><strong>Jussi Kuparinen<\/strong><br>puh. 0400 963 065<br><a href=\"mailto:tmi.kuparinen@gmail.com\">tmi.kuparinen@gmail.com<\/a><\/p>\n<\/div>\n\n\n\n<div class=\"wp-block-column is-layout-flow wp-block-column-is-layout-flow\">\n<p><strong>Osoite<\/strong><br>Mikolanvuorentie 37<br>21500 PIIKKI\u00d6<\/p>\n<\/div>\n<\/div>\n\n\n\n<div style=\"height:15px\" aria-hidden=\"true\" class=\"wp-block-spacer\"><\/div>\n\n\n\n<iframe id=\"Iframe\" frameborder=\"0\" onload=\"window.scrollTo({top:0, left:0, behavior:'smooth'});\" src=\"https:\/\/tmikuparinen.kojelauta.com\/gj1GMyDX8ITctP6\/\" style=\"width:100%; height:820px;\"><\/iframe>\n\n\n<script>\nvar frame = document.getElementById(\"Iframe\");\nframe.onload = function() {\nframe.style.height = frame.contentWindow.document.body.scrollHeight + 'px';\n}\n<\/script>\n\n\n\n\n<div style=\"height:15px\" aria-hidden=\"true\" class=\"wp-block-spacer\"><\/div>\n\n\n\n<p><\/p>\n","protected":false},"excerpt":{"rendered":"<p>Soita tai l\u00e4het\u00e4 s\u00e4hk\u00f6postia. Vastaamme viipym\u00e4tt\u00e4 kaikkiin tiedusteluihin ja tarjouspyynt\u00f6ihin! Yhteystiedot Jussi Kuparinenpuh. 0400 963 065tmi.kuparinen@gmail.com OsoiteMikolanvuorentie 3721500 PIIKKI\u00d6<\/p>\n","protected":false},"author":2,"featured_media":0,"parent":0,"menu_order":0,"comment_status":"closed","ping_status":"closed","template":"","meta":{"footnotes":""},"class_list":["post-91","page","type-page","status-publish","czr-hentry"],"_links":{"self":[{"href":"https:\/\/www.tmikuparinen.fi\/index.php\/wp-json\/wp\/v2\/pages\/91","targetHints":{"allow":["GET"]}}],"collection":[{"href":"https:\/\/www.tmikuparinen.fi\/index.php\/wp-json\/wp\/v2\/pages"}],"about":[{"href":"https:\/\/www.tmikuparinen.fi\/index.php\/wp-json\/wp\/v2\/types\/page"}],"author":[{"embeddable":true,"href":"https:\/\/www.tmikuparinen.fi\/index.php\/wp-json\/wp\/v2\/users\/2"}],"replies":[{"embeddable":true,"href":"https:\/\/www.tmikuparinen.fi\/index.php\/wp-json\/wp\/v2\/comments?post=91"}],"version-history":[{"count":25,"href":"https:\/\/www.tmikuparinen.fi\/index.php\/wp-json\/wp\/v2\/pages\/91\/revisions"}],"predecessor-version":[{"id":648,"href":"https:\/\/www.tmikuparinen.fi\/index.php\/wp-json\/wp\/v2\/pages\/91\/revisions\/648"}],"wp:attachment":[{"href":"https:\/\/www.tmikuparinen.fi\/index.php\/wp-json\/wp\/v2\/media?parent=91"}],"curies":[{"name":"wp","href":"https:\/\/api.w.org\/{rel}","templated":true}]}}