{"id":82,"date":"2021-05-27T20:46:46","date_gmt":"2021-05-27T17:46:46","guid":{"rendered":"https:\/\/instantmetal.wordpress.com\/?page_id=82"},"modified":"2026-03-02T07:43:52","modified_gmt":"2026-03-02T07:43:52","slug":"metallirakenteet","status":"publish","type":"page","link":"https:\/\/www.tmikuparinen.fi\/index.php\/metallirakenteet\/","title":{"rendered":"Metallirakenteet"},"content":{"rendered":"\n<div class=\"wp-block-cover alignfull is-light\" style=\"padding-top:0px;padding-right:0px;padding-bottom:0px;padding-left:0px\"><img loading=\"lazy\" decoding=\"async\" width=\"2560\" height=\"1707\" class=\"wp-block-cover__image-background wp-image-264\" alt=\"\" src=\"http:\/\/www.instantmetal.fi\/wp-content\/uploads\/2021\/05\/instant-metal-kuva-scaled.jpg\" style=\"object-position:49% 48%\" data-object-fit=\"cover\" data-object-position=\"49% 48%\" srcset=\"https:\/\/www.tmikuparinen.fi\/wp-content\/uploads\/2021\/05\/instant-metal-kuva-scaled.jpg 2560w, https:\/\/www.tmikuparinen.fi\/wp-content\/uploads\/2021\/05\/instant-metal-kuva-300x200.jpg 300w, https:\/\/www.tmikuparinen.fi\/wp-content\/uploads\/2021\/05\/instant-metal-kuva-1024x683.jpg 1024w, https:\/\/www.tmikuparinen.fi\/wp-content\/uploads\/2021\/05\/instant-metal-kuva-768x512.jpg 768w, https:\/\/www.tmikuparinen.fi\/wp-content\/uploads\/2021\/05\/instant-metal-kuva-1536x1024.jpg 1536w, https:\/\/www.tmikuparinen.fi\/wp-content\/uploads\/2021\/05\/instant-metal-kuva-2048x1365.jpg 2048w, https:\/\/www.tmikuparinen.fi\/wp-content\/uploads\/2021\/05\/instant-metal-kuva-1568x1045.jpg 1568w\" sizes=\"auto, (max-width: 2560px) 100vw, 2560px\" \/><span aria-hidden=\"true\" class=\"wp-block-cover__background has-black-background-color has-background-dim\"><\/span><div class=\"wp-block-cover__inner-container is-layout-flow wp-block-cover-is-layout-flow\">\n<h1 class=\"wp-block-heading has-text-align-center has-white-color has-text-color\"><strong>Metallirakenteiden valmistus ja hitsaus tarkasti ammatti\u00adtaidolla<\/strong><\/h1>\n<\/div><\/div>\n\n\n\n<div style=\"height:15px\" aria-hidden=\"true\" class=\"wp-block-spacer\"><\/div>\n\n\n\n<h2 class=\"wp-block-heading\"><strong>Metallirakenteet \u2013 Tukevaa laatua, joka kest\u00e4\u00e4<\/strong><\/h2>\n\n\n\n<p>Kun pelkk\u00e4 metallipala ei riit\u00e4, vaan tarvitaan j\u00e4rkev\u00e4\u00e4 suunnittelua, vankkaa toteutusta ja aitoa ammattitaitoa \u2013 silloin olet oikeassa paikassa. Tmi Jussi Kuparinen takoo kasaan metallirakenteet, jotka kest\u00e4v\u00e4t niin s\u00e4\u00e4n, ajan kuin kovankin k\u00e4yt\u00f6n. Ei hutilointia, vaan rautaisen varmaa j\u00e4lke\u00e4, joka palvelee tarkoitustaan vuosikymmeni\u00e4. Oli kyseess\u00e4 teollisuuden massiivinen huoltotaso, asennusvalmis runkorakenne tai kotipihaan sopiva tyylik\u00e4s metallikaide, me hoidamme homman alusta loppuun tinkim\u00e4tt\u00f6m\u00e4ll\u00e4 ammattitaidolla.<\/p>\n\n\n\n<h3 class=\"wp-block-heading\">Mit\u00e4 meilt\u00e4 saat?<\/h3>\n\n\n\n<ul class=\"wp-block-list\">\n<li><strong>Teollisuusportaat ja huoltotasot<\/strong> \u2013 Vakaata, turvallista ja mittojen mukaan tehty\u00e4. Meid\u00e4n rakentamamme huoltotasot ja portaat eiv\u00e4t nitise eiv\u00e4tk\u00e4 natise, vaan ne suunnitellaan kest\u00e4m\u00e4\u00e4n kovaa k\u00e4ytt\u00f6\u00e4 vuosiksi eteenp\u00e4in. Oli kyseess\u00e4 yksitt\u00e4inen porraselementti tai laajempi kokonaisuus, meilt\u00e4 saat takuuvarmaa laatua.<\/li>\n\n\n\n<li><strong>Kaiteet ja tukirakenteet<\/strong> \u2013 Kun tarvitaan sek\u00e4 n\u00e4ytt\u00e4vyytt\u00e4 ett\u00e4 kest\u00e4vyytt\u00e4. Laadukas kaide ei ole pelkk\u00e4 koriste, vaan t\u00e4rke\u00e4 turvallisuuselementti. Me suunnittelemme ja toteutamme kaiteet ja tukirakenteet, jotka t\u00e4ytt\u00e4v\u00e4t niin viranomaisvaatimukset kuin asiakkaan yksil\u00f6lliset toiveet.<\/li>\n\n\n\n<li><strong>Runko- ja kehikkorakenteet<\/strong> \u2013 Koneille, laitteille ja teollisuuden tarpeisiin. Jokainen ty\u00f6maa, halli tai teollisuuslaitos tarvitsee tukevia rakenteita, jotka kest\u00e4v\u00e4t kovia kuormia ja p\u00e4ivitt\u00e4ist\u00e4 k\u00e4ytt\u00f6\u00e4. Valmistamme runko- ja kehikkorakenteet mittatilausty\u00f6n\u00e4 juuri siihen tarkoitukseen, mihin niit\u00e4 tarvitset.<\/li>\n\n\n\n<li><strong>Erikoisratkaisut ja mittatilausty\u00f6t<\/strong> \u2013 Koska jokainen projekti on omanlaisensa. Kaikki metallity\u00f6t eiv\u00e4t mahdu valmiisiin kategorioihin, eik\u00e4 tarvitsekaan. Jos mieless\u00e4si on erikoisempi rakenne tai ainutlaatuinen metalliratkaisu, kerro meille \u2013 me suunnittelemme ja toteutamme sen niin, ett\u00e4 se toimii t\u00e4ydellisesti.<\/li>\n<\/ul>\n\n\n\n<h3 class=\"wp-block-heading\">Miksi valitsisit meid\u00e4t?<\/h3>\n\n\n\n<ul class=\"wp-block-list\">\n<li><strong>Ei kompromisseja laadussa<\/strong> \u2013 Jokainen hitsaussauma, leikkaus ja kiinnitys tehd\u00e4\u00e4n viimeisen p\u00e4\u00e4lle. K\u00e4yt\u00e4mme vain laadukkaita materiaaleja ja tarkkoja ty\u00f6tapoja, jotta lopputulos on kest\u00e4v\u00e4 ja turvallinen.<\/li>\n\n\n\n<li><strong>Kokemus ja asiantuntemus<\/strong> \u2013 Ei vain metallit\u00f6it\u00e4, vaan ratkaisuja. Vuosien varrella olemme toteuttaneet lukemattomia projekteja eri toimialoille, ja jokainen niist\u00e4 on opettanut meille jotain uutta. Siksi pystymme tarjoamaan my\u00f6s uusia n\u00e4k\u00f6kulmia ja kehitysideoita asiakkaidemme tarpeisiin.<\/li>\n\n\n\n<li><strong>Joustava toteutus<\/strong> \u2013 Tarpeidesi mukaan, aikatauluja kunnioittaen. Jokainen projekti on erilainen, ja me ymm\u00e4rr\u00e4mme sen. Siksi sopeutamme aikataulut ja toteutustavat niin, ett\u00e4 ty\u00f6 saadaan tehty\u00e4 tehokkaasti mutta huolellisesti.<\/li>\n<\/ul>\n\n\n\n<p>Kun metallirakenne ei saa olla heikko lenkki, otetaan yhteytt\u00e4 ja tehd\u00e4\u00e4n homma kunnolla! Meilt\u00e4 saat kest\u00e4vi\u00e4, toimivia ja n\u00e4ytt\u00e4vi\u00e4 metalliratkaisuja, jotka palvelevat juuri sinun tarpeitasi.<\/p>\n\n\n\n<div style=\"height:15px\" aria-hidden=\"true\" class=\"wp-block-spacer\"><\/div>\n\n\n\n<div class=\"wp-block-columns is-layout-flex wp-container-core-columns-is-layout-9d6595d7 wp-block-columns-is-layout-flex\">\n<div class=\"wp-block-column is-layout-flow wp-block-column-is-layout-flow\">\n<h4 class=\"wp-block-heading\">Valmistamme mm.<\/h4>\n\n\n\n<ul class=\"wp-block-list\">\n<li>Kaiteet<\/li>\n\n\n\n<li>Rampit<\/li>\n\n\n\n<li>Koneiden pedit<\/li>\n\n\n\n<li>Portaat<\/li>\n\n\n\n<li>Telineet<\/li>\n\n\n\n<li>Sorvausta ja jyrsint\u00e4\u00e4 vaativat kappaleet<\/li>\n<\/ul>\n\n\n\n<p>Hitsaamme my\u00f6s rosteria!<\/p>\n<\/div>\n\n\n\n<div class=\"wp-block-column is-layout-flow wp-block-column-is-layout-flow\">\n<h4 class=\"wp-block-heading\">Korjaamme mm.<\/h4>\n\n\n\n<ul class=\"wp-block-list\">\n<li>Repe\u00e4m\u00e4t<\/li>\n\n\n\n<li>Kuorma-autojen ja lavojen p\u00e4\u00e4llirakenteet<\/li>\n\n\n\n<li>Kaivinkoneiden kauhat<\/li>\n\n\n\n<li>Pienkoneet<\/li>\n<\/ul>\n\n\n\n<p>Teemme my\u00f6s muutost\u00f6it\u00e4!<\/p>\n<\/div>\n<\/div>\n\n\n\n<hr class=\"wp-block-separator has-text-color has-css-opacity has-background is-style-wide\" style=\"background-color:#727c86;color:#727c86\"\/>\n\n\n\n<figure class=\"wp-block-gallery has-nested-images columns-default is-cropped wp-block-gallery-1 is-layout-flex wp-block-gallery-is-layout-flex\">\n<figure class=\"wp-block-image size-large\"><img loading=\"lazy\" decoding=\"async\" width=\"500\" height=\"281\" data-id=\"554\" src=\"https:\/\/www.tmikuparinen.fi\/wp-content\/uploads\/2023\/06\/Kuvausteline_projekti.jpg\" alt=\"\" class=\"wp-image-554\" srcset=\"https:\/\/www.tmikuparinen.fi\/wp-content\/uploads\/2023\/06\/Kuvausteline_projekti.jpg 500w, https:\/\/www.tmikuparinen.fi\/wp-content\/uploads\/2023\/06\/Kuvausteline_projekti-300x169.jpg 300w\" sizes=\"auto, (max-width: 500px) 100vw, 500px\" \/><\/figure>\n\n\n\n<figure class=\"wp-block-image size-large\"><img loading=\"lazy\" decoding=\"async\" width=\"1024\" height=\"465\" data-id=\"579\" src=\"https:\/\/www.tmikuparinen.fi\/wp-content\/uploads\/2025\/03\/Jussi-Kuparinen-4-1024x465.jpeg\" alt=\"\" class=\"wp-image-579\" srcset=\"https:\/\/www.tmikuparinen.fi\/wp-content\/uploads\/2025\/03\/Jussi-Kuparinen-4-1024x465.jpeg 1024w, https:\/\/www.tmikuparinen.fi\/wp-content\/uploads\/2025\/03\/Jussi-Kuparinen-4-300x136.jpeg 300w, https:\/\/www.tmikuparinen.fi\/wp-content\/uploads\/2025\/03\/Jussi-Kuparinen-4-768x349.jpeg 768w, https:\/\/www.tmikuparinen.fi\/wp-content\/uploads\/2025\/03\/Jussi-Kuparinen-4-1536x698.jpeg 1536w, https:\/\/www.tmikuparinen.fi\/wp-content\/uploads\/2025\/03\/Jussi-Kuparinen-4-517x235.jpeg 517w, https:\/\/www.tmikuparinen.fi\/wp-content\/uploads\/2025\/03\/Jussi-Kuparinen-4.jpeg 1622w\" sizes=\"auto, (max-width: 1024px) 100vw, 1024px\" \/><\/figure>\n\n\n\n<figure class=\"wp-block-image size-large\"><img loading=\"lazy\" decoding=\"async\" width=\"1024\" height=\"1024\" data-id=\"581\" src=\"https:\/\/www.tmikuparinen.fi\/wp-content\/uploads\/2025\/03\/Jussi-Kuparinen-2-1024x1024.jpeg\" alt=\"\" class=\"wp-image-581\" srcset=\"https:\/\/www.tmikuparinen.fi\/wp-content\/uploads\/2025\/03\/Jussi-Kuparinen-2-1024x1024.jpeg 1024w, https:\/\/www.tmikuparinen.fi\/wp-content\/uploads\/2025\/03\/Jussi-Kuparinen-2-300x300.jpeg 300w, https:\/\/www.tmikuparinen.fi\/wp-content\/uploads\/2025\/03\/Jussi-Kuparinen-2-150x150.jpeg 150w, https:\/\/www.tmikuparinen.fi\/wp-content\/uploads\/2025\/03\/Jussi-Kuparinen-2-768x768.jpeg 768w, https:\/\/www.tmikuparinen.fi\/wp-content\/uploads\/2025\/03\/Jussi-Kuparinen-2-1536x1536.jpeg 1536w, https:\/\/www.tmikuparinen.fi\/wp-content\/uploads\/2025\/03\/Jussi-Kuparinen-2-2048x2048.jpeg 2048w, https:\/\/www.tmikuparinen.fi\/wp-content\/uploads\/2025\/03\/Jussi-Kuparinen-2-510x510.jpeg 510w\" sizes=\"auto, (max-width: 1024px) 100vw, 1024px\" \/><\/figure>\n\n\n\n<figure class=\"wp-block-image size-large\"><img loading=\"lazy\" decoding=\"async\" width=\"1024\" height=\"1024\" data-id=\"582\" src=\"https:\/\/www.tmikuparinen.fi\/wp-content\/uploads\/2025\/03\/Jussi-Kuparinen-1-1024x1024.jpeg\" alt=\"\" class=\"wp-image-582\" srcset=\"https:\/\/www.tmikuparinen.fi\/wp-content\/uploads\/2025\/03\/Jussi-Kuparinen-1-1024x1024.jpeg 1024w, https:\/\/www.tmikuparinen.fi\/wp-content\/uploads\/2025\/03\/Jussi-Kuparinen-1-300x300.jpeg 300w, https:\/\/www.tmikuparinen.fi\/wp-content\/uploads\/2025\/03\/Jussi-Kuparinen-1-150x150.jpeg 150w, https:\/\/www.tmikuparinen.fi\/wp-content\/uploads\/2025\/03\/Jussi-Kuparinen-1-768x769.jpeg 768w, https:\/\/www.tmikuparinen.fi\/wp-content\/uploads\/2025\/03\/Jussi-Kuparinen-1-510x510.jpeg 510w, https:\/\/www.tmikuparinen.fi\/wp-content\/uploads\/2025\/03\/Jussi-Kuparinen-1.jpeg 1275w\" sizes=\"auto, (max-width: 1024px) 100vw, 1024px\" \/><\/figure>\n\n\n\n<figure class=\"wp-block-image size-full\"><img loading=\"lazy\" decoding=\"async\" width=\"500\" height=\"500\" data-id=\"607\" src=\"http:\/\/www.tmikuparinen.fi\/wp-content\/uploads\/2025\/05\/ramppi_.jpg\" alt=\"\" class=\"wp-image-607\" srcset=\"https:\/\/www.tmikuparinen.fi\/wp-content\/uploads\/2025\/05\/ramppi_.jpg 500w, https:\/\/www.tmikuparinen.fi\/wp-content\/uploads\/2025\/05\/ramppi_-300x300.jpg 300w, https:\/\/www.tmikuparinen.fi\/wp-content\/uploads\/2025\/05\/ramppi_-150x150.jpg 150w\" sizes=\"auto, (max-width: 500px) 100vw, 500px\" \/><\/figure>\n\n\n\n<figure class=\"wp-block-image size-full\"><img loading=\"lazy\" decoding=\"async\" width=\"500\" height=\"500\" data-id=\"608\" src=\"http:\/\/www.tmikuparinen.fi\/wp-content\/uploads\/2025\/05\/katos.png\" alt=\"\" class=\"wp-image-608\" srcset=\"https:\/\/www.tmikuparinen.fi\/wp-content\/uploads\/2025\/05\/katos.png 500w, https:\/\/www.tmikuparinen.fi\/wp-content\/uploads\/2025\/05\/katos-300x300.png 300w, https:\/\/www.tmikuparinen.fi\/wp-content\/uploads\/2025\/05\/katos-150x150.png 150w\" sizes=\"auto, (max-width: 500px) 100vw, 500px\" \/><\/figure>\n\n\n\n<figure class=\"wp-block-image size-large\"><img loading=\"lazy\" decoding=\"async\" width=\"1024\" height=\"1024\" data-id=\"578\" src=\"https:\/\/www.tmikuparinen.fi\/wp-content\/uploads\/2025\/03\/Jussi-Kuparinen-5-1024x1024.jpeg\" alt=\"\" class=\"wp-image-578\" srcset=\"https:\/\/www.tmikuparinen.fi\/wp-content\/uploads\/2025\/03\/Jussi-Kuparinen-5-1024x1024.jpeg 1024w, https:\/\/www.tmikuparinen.fi\/wp-content\/uploads\/2025\/03\/Jussi-Kuparinen-5-300x300.jpeg 300w, https:\/\/www.tmikuparinen.fi\/wp-content\/uploads\/2025\/03\/Jussi-Kuparinen-5-150x150.jpeg 150w, https:\/\/www.tmikuparinen.fi\/wp-content\/uploads\/2025\/03\/Jussi-Kuparinen-5-768x768.jpeg 768w, https:\/\/www.tmikuparinen.fi\/wp-content\/uploads\/2025\/03\/Jussi-Kuparinen-5-1536x1536.jpeg 1536w, https:\/\/www.tmikuparinen.fi\/wp-content\/uploads\/2025\/03\/Jussi-Kuparinen-5-2048x2048.jpeg 2048w, https:\/\/www.tmikuparinen.fi\/wp-content\/uploads\/2025\/03\/Jussi-Kuparinen-5-510x510.jpeg 510w\" sizes=\"auto, (max-width: 1024px) 100vw, 1024px\" \/><\/figure>\n\n\n\n<figure class=\"wp-block-image size-large\"><img loading=\"lazy\" decoding=\"async\" width=\"500\" height=\"500\" data-id=\"609\" src=\"https:\/\/www.tmikuparinen.fi\/wp-content\/uploads\/2025\/05\/kierreportaat.png\" alt=\"\" class=\"wp-image-609\" srcset=\"https:\/\/www.tmikuparinen.fi\/wp-content\/uploads\/2025\/05\/kierreportaat.png 500w, https:\/\/www.tmikuparinen.fi\/wp-content\/uploads\/2025\/05\/kierreportaat-300x300.png 300w, https:\/\/www.tmikuparinen.fi\/wp-content\/uploads\/2025\/05\/kierreportaat-150x150.png 150w\" sizes=\"auto, (max-width: 500px) 100vw, 500px\" \/><\/figure>\n\n\n\n<figure class=\"wp-block-image size-large\"><img loading=\"lazy\" decoding=\"async\" width=\"500\" height=\"500\" data-id=\"611\" src=\"https:\/\/www.tmikuparinen.fi\/wp-content\/uploads\/2025\/05\/IMG_3087.png\" alt=\"\" class=\"wp-image-611\" srcset=\"https:\/\/www.tmikuparinen.fi\/wp-content\/uploads\/2025\/05\/IMG_3087.png 500w, https:\/\/www.tmikuparinen.fi\/wp-content\/uploads\/2025\/05\/IMG_3087-300x300.png 300w, https:\/\/www.tmikuparinen.fi\/wp-content\/uploads\/2025\/05\/IMG_3087-150x150.png 150w\" sizes=\"auto, (max-width: 500px) 100vw, 500px\" \/><\/figure>\n\n\n\n<figure class=\"wp-block-image size-large\"><img loading=\"lazy\" decoding=\"async\" width=\"1000\" height=\"753\" data-id=\"610\" src=\"https:\/\/www.tmikuparinen.fi\/wp-content\/uploads\/2025\/05\/halli.jpg\" alt=\"\" class=\"wp-image-610\" srcset=\"https:\/\/www.tmikuparinen.fi\/wp-content\/uploads\/2025\/05\/halli.jpg 1000w, https:\/\/www.tmikuparinen.fi\/wp-content\/uploads\/2025\/05\/halli-300x226.jpg 300w, https:\/\/www.tmikuparinen.fi\/wp-content\/uploads\/2025\/05\/halli-768x578.jpg 768w\" sizes=\"auto, (max-width: 1000px) 100vw, 1000px\" \/><\/figure>\n<\/figure>\n\n\n\n<hr class=\"wp-block-separator has-text-color has-css-opacity has-background is-style-wide\" style=\"background-color:#727c86;color:#727c86\"\/>\n\n\n\n<div class=\"wp-block-buttons is-layout-flex wp-block-buttons-is-layout-flex\">\n<div class=\"wp-block-button\"><a class=\"wp-block-button__link has-background wp-element-button\" href=\"http:\/\/www.tmikuparinen.fi\/index.php\/yhteystiedot\/\" style=\"background-color:#727c86\">Ota yhteytt\u00e4<\/a><\/div>\n<\/div>\n","protected":false},"excerpt":{"rendered":"<p>Metallirakenteet \u2013 Tukevaa laatua, joka kest\u00e4\u00e4 Kun pelkk\u00e4 metallipala ei riit\u00e4, vaan tarvitaan j\u00e4rkev\u00e4\u00e4 suunnittelua, vankkaa toteutusta ja aitoa ammattitaitoa \u2013 silloin olet oikeassa paikassa. Tmi Jussi Kuparinen takoo kasaan metallirakenteet, jotka kest\u00e4v\u00e4t niin s\u00e4\u00e4n, ajan kuin kovankin k\u00e4yt\u00f6n. Ei hutilointia, vaan rautaisen varmaa j\u00e4lke\u00e4, joka palvelee tarkoitustaan vuosikymmeni\u00e4. Oli kyseess\u00e4 teollisuuden massiivinen huoltotaso, asennusvalmis [&hellip;]<\/p>\n","protected":false},"author":2,"featured_media":0,"parent":0,"menu_order":0,"comment_status":"closed","ping_status":"closed","template":"","meta":{"footnotes":""},"class_list":["post-82","page","type-page","status-publish","czr-hentry"],"_links":{"self":[{"href":"https:\/\/www.tmikuparinen.fi\/index.php\/wp-json\/wp\/v2\/pages\/82","targetHints":{"allow":["GET"]}}],"collection":[{"href":"https:\/\/www.tmikuparinen.fi\/index.php\/wp-json\/wp\/v2\/pages"}],"about":[{"href":"https:\/\/www.tmikuparinen.fi\/index.php\/wp-json\/wp\/v2\/types\/page"}],"author":[{"embeddable":true,"href":"https:\/\/www.tmikuparinen.fi\/index.php\/wp-json\/wp\/v2\/users\/2"}],"replies":[{"embeddable":true,"href":"https:\/\/www.tmikuparinen.fi\/index.php\/wp-json\/wp\/v2\/comments?post=82"}],"version-history":[{"count":29,"href":"https:\/\/www.tmikuparinen.fi\/index.php\/wp-json\/wp\/v2\/pages\/82\/revisions"}],"predecessor-version":[{"id":635,"href":"https:\/\/www.tmikuparinen.fi\/index.php\/wp-json\/wp\/v2\/pages\/82\/revisions\/635"}],"wp:attachment":[{"href":"https:\/\/www.tmikuparinen.fi\/index.php\/wp-json\/wp\/v2\/media?parent=82"}],"curies":[{"name":"wp","href":"https:\/\/api.w.org\/{rel}","templated":true}]}}