{"id":355,"date":"2021-05-31T16:59:40","date_gmt":"2021-05-31T16:59:40","guid":{"rendered":"http:\/\/www.instantmetal.fi\/?page_id=355"},"modified":"2026-03-02T07:44:22","modified_gmt":"2026-03-02T07:44:22","slug":"etusivu","status":"publish","type":"page","link":"https:\/\/www.tmikuparinen.fi\/","title":{"rendered":"Etusivu"},"content":{"rendered":"\n<div class=\"wp-block-cover alignfull is-light\" style=\"padding-top:0px;padding-right:0px;padding-bottom:0px;padding-left:0px\"><img loading=\"lazy\" decoding=\"async\" width=\"2560\" height=\"1920\" class=\"wp-block-cover__image-background wp-image-110\" alt=\"\" src=\"http:\/\/www.instantmetal.fi\/wp-content\/uploads\/2021\/05\/img_1747-scaled.jpg\" style=\"object-position:54% 52%\" data-object-fit=\"cover\" data-object-position=\"54% 52%\" srcset=\"https:\/\/www.tmikuparinen.fi\/wp-content\/uploads\/2021\/05\/img_1747-scaled.jpg 2560w, https:\/\/www.tmikuparinen.fi\/wp-content\/uploads\/2021\/05\/img_1747-300x225.jpg 300w, https:\/\/www.tmikuparinen.fi\/wp-content\/uploads\/2021\/05\/img_1747-1024x768.jpg 1024w, https:\/\/www.tmikuparinen.fi\/wp-content\/uploads\/2021\/05\/img_1747-768x576.jpg 768w, https:\/\/www.tmikuparinen.fi\/wp-content\/uploads\/2021\/05\/img_1747-1536x1152.jpg 1536w, https:\/\/www.tmikuparinen.fi\/wp-content\/uploads\/2021\/05\/img_1747-2048x1536.jpg 2048w, https:\/\/www.tmikuparinen.fi\/wp-content\/uploads\/2021\/05\/img_1747-1568x1176.jpg 1568w\" sizes=\"auto, (max-width: 2560px) 100vw, 2560px\" \/><span aria-hidden=\"true\" class=\"wp-block-cover__background has-black-background-color has-background-dim\"><\/span><div class=\"wp-block-cover__inner-container is-layout-flow wp-block-cover-is-layout-flow\">\n<h1 class=\"wp-block-heading has-text-align-center has-white-color has-text-color\"><strong>Metallirakenteet suunnittelusta toteutukseen<\/strong><\/h1>\n\n\n\n<h3 class=\"wp-block-heading has-text-align-center has-white-color has-text-color\"><\/h3>\n\n\n\n<p><\/p>\n<\/div><\/div>\n\n\n\n<div style=\"height:50px\" aria-hidden=\"true\" class=\"wp-block-spacer\"><\/div>\n\n\n\n<h2 class=\"wp-block-heading\">Tmi Jussi Kuparinen \u2013 Kun metallity\u00f6lt\u00e4 vaaditaan laatua ja asennetta<\/h2>\n\n\n\n<p>Etsitk\u00f6 j\u00e4rkev\u00e4\u00e4 ratkaisua metallity\u00f6h\u00f6n, joka kest\u00e4\u00e4 aikaa ja katseita? Tmi Jussi Kuparinen on Kaarinan oma metallialan erikoisosaaja, joka takoo toiveesi todeksi. Oli kyseess\u00e4 mittatilausty\u00f6n\u00e4 tehdyt rosteriosat, j\u00e4mer\u00e4t teollisuusportaat tai rautaa vaativa erikoisprojekti, t\u00e4\u00e4lt\u00e4 l\u00f6ytyy oikea mies hommaan.<\/p>\n\n\n\n<h3 class=\"wp-block-heading\">Miksi valitsisit meid\u00e4t?<\/h3>\n\n\n\n<ul class=\"wp-block-list\">\n<li><strong>Vankka ammattitaito<\/strong> \u2013 Vuosien kokemus ja rautainen ote metallin ty\u00f6st\u00e4miseen.<\/li>\n\n\n\n<li><strong>Mittatilausty\u00f6n mestari<\/strong> \u2013 Ei tehd\u00e4 liukuhihnatavaraa, vaan juuri sit\u00e4, mit\u00e4 tarvitset.<\/li>\n\n\n\n<li><strong>Rohkea ja ratkaisukeskeinen asenne<\/strong> \u2013 Haastava keissi? Meilt\u00e4 l\u00f6ytyy luovuutta ja ratkaisut.<\/li>\n\n\n\n<li><strong>Nopea ja pit\u00e4v\u00e4 aikataulu<\/strong> \u2013 Ei turhia lupauksia, vain tuloksia.<\/li>\n<\/ul>\n\n\n\n<p>Tmi Jussi Kuparinen palvelee niin yrityksi\u00e4 kuin yksityisasiakkaita. Verstaamme sijaitsee Piikki\u00f6ss\u00e4, mutta tarvittaessa koneet ja mies liikkuvat ymp\u00e4ri Suomen.<\/p>\n\n\n\n<h3 class=\"wp-block-heading\">Mit\u00e4 teemme?<\/h3>\n\n\n\n<ul class=\"wp-block-list\">\n<li>Metallirakenteet ja -tuotteet<\/li>\n\n\n\n<li>Teollisuuden huoltotasot ja portaat<\/li>\n\n\n\n<li>Mittatilausty\u00f6t ja erikoisprojektit<\/li>\n<\/ul>\n\n\n\n<p>Kun haluat laadukasta metallity\u00f6t\u00e4, joka kest\u00e4\u00e4 niin s\u00e4\u00e4t\u00e4 kuin katseita, ota yhteytt\u00e4! Soita, laita s\u00e4hk\u00f6postia tai tule k\u00e4ym\u00e4\u00e4n pajalla \u2013 kahvi on kuumaa ja rauta kuumempaa!<\/p>\n\n\n\n<div style=\"height:50px\" aria-hidden=\"true\" class=\"wp-block-spacer\"><\/div>\n\n\n\n<div class=\"wp-block-columns has-white-background-color has-background is-layout-flex wp-container-core-columns-is-layout-9d6595d7 wp-block-columns-is-layout-flex\">\n<div class=\"wp-block-column is-layout-flow wp-block-column-is-layout-flow\">\n<figure class=\"wp-block-image size-full\"><img loading=\"lazy\" decoding=\"async\" width=\"640\" height=\"480\" src=\"http:\/\/www.tmikuparinen.fi\/wp-content\/uploads\/2025\/03\/Hitsaaja.png\" alt=\"\" class=\"wp-image-590\" srcset=\"https:\/\/www.tmikuparinen.fi\/wp-content\/uploads\/2025\/03\/Hitsaaja.png 640w, https:\/\/www.tmikuparinen.fi\/wp-content\/uploads\/2025\/03\/Hitsaaja-300x225.png 300w\" sizes=\"auto, (max-width: 640px) 100vw, 640px\" \/><\/figure>\n\n\n\n<div style=\"height:10px\" aria-hidden=\"true\" class=\"wp-block-spacer\"><\/div>\n\n\n\n<div class=\"wp-block-buttons is-layout-flex wp-block-buttons-is-layout-flex\">\n<div class=\"wp-block-button is-style-fill\"><a class=\"wp-block-button__link has-background wp-element-button\" href=\"http:\/\/www.tmikuparinen.fi\/index.php\/metallirakenteet\/\" style=\"border-radius:4px;background-color:#727c86\">Metallirakenteet<\/a><\/div>\n<\/div>\n\n\n\n<p>Teemme metallituotteita ja -rakenteita yksityisasiakkaiden sek\u00e4 yritysten k\u00e4ytt\u00f6\u00f6n.<\/p>\n<\/div>\n\n\n\n<div class=\"wp-block-column is-layout-flow wp-block-column-is-layout-flow\">\n<figure class=\"wp-block-image size-full\"><img loading=\"lazy\" decoding=\"async\" width=\"640\" height=\"480\" src=\"http:\/\/www.tmikuparinen.fi\/wp-content\/uploads\/2025\/03\/Hitsaaja-3.png\" alt=\"\" class=\"wp-image-593\" srcset=\"https:\/\/www.tmikuparinen.fi\/wp-content\/uploads\/2025\/03\/Hitsaaja-3.png 640w, https:\/\/www.tmikuparinen.fi\/wp-content\/uploads\/2025\/03\/Hitsaaja-3-300x225.png 300w\" sizes=\"auto, (max-width: 640px) 100vw, 640px\" \/><\/figure>\n\n\n\n<div style=\"height:10px\" aria-hidden=\"true\" class=\"wp-block-spacer\"><\/div>\n\n\n\n<div class=\"wp-block-buttons is-layout-flex wp-block-buttons-is-layout-flex\">\n<div class=\"wp-block-button\"><a class=\"wp-block-button__link has-background wp-element-button\" href=\"http:\/\/www.tmikuparinen.fi\/index.php\/referenssit\/\" style=\"border-radius:4px;background-color:#727c86\">Referenssit<\/a><\/div>\n<\/div>\n\n\n\n<p>Meilt\u00e4 l\u00f6ytyy referenssej\u00e4 mm. rakennusalalta, metallialalta ja kuljetusyrityksist\u00e4.<\/p>\n<\/div>\n\n\n\n<div class=\"wp-block-column is-layout-flow wp-block-column-is-layout-flow\">\n<figure class=\"wp-block-image size-full\"><img loading=\"lazy\" decoding=\"async\" width=\"640\" height=\"480\" src=\"http:\/\/www.tmikuparinen.fi\/wp-content\/uploads\/2025\/03\/Hitsaaja-2.png\" alt=\"\" class=\"wp-image-592\" srcset=\"https:\/\/www.tmikuparinen.fi\/wp-content\/uploads\/2025\/03\/Hitsaaja-2.png 640w, https:\/\/www.tmikuparinen.fi\/wp-content\/uploads\/2025\/03\/Hitsaaja-2-300x225.png 300w\" sizes=\"auto, (max-width: 640px) 100vw, 640px\" \/><\/figure>\n\n\n\n<div style=\"height:10px\" aria-hidden=\"true\" class=\"wp-block-spacer\"><\/div>\n\n\n\n<div class=\"wp-block-buttons is-layout-flex wp-block-buttons-is-layout-flex\">\n<div class=\"wp-block-button\"><a class=\"wp-block-button__link has-background wp-element-button\" href=\"http:\/\/www.tmikuparinen.fi\/index.php\/yhteystiedot\/\" style=\"border-radius:4px;background-color:#727c86\">Yhteystiedot<\/a><\/div>\n<\/div>\n\n\n\n<p>Soita tai l\u00e4het\u00e4 s\u00e4hk\u00f6postia. Vastaamme mahdollisimman pian.<\/p>\n<\/div>\n<\/div>\n\n\n\n<div style=\"height:50px\" aria-hidden=\"true\" class=\"wp-block-spacer\"><\/div>\n","protected":false},"excerpt":{"rendered":"<p>Tmi Jussi Kuparinen \u2013 Kun metallity\u00f6lt\u00e4 vaaditaan laatua ja asennetta Etsitk\u00f6 j\u00e4rkev\u00e4\u00e4 ratkaisua metallity\u00f6h\u00f6n, joka kest\u00e4\u00e4 aikaa ja katseita? Tmi Jussi Kuparinen on Kaarinan oma metallialan erikoisosaaja, joka takoo toiveesi todeksi. Oli kyseess\u00e4 mittatilausty\u00f6n\u00e4 tehdyt rosteriosat, j\u00e4mer\u00e4t teollisuusportaat tai rautaa vaativa erikoisprojekti, t\u00e4\u00e4lt\u00e4 l\u00f6ytyy oikea mies hommaan. Miksi valitsisit meid\u00e4t? Tmi Jussi Kuparinen palvelee niin [&hellip;]<\/p>\n","protected":false},"author":1,"featured_media":110,"parent":0,"menu_order":0,"comment_status":"closed","ping_status":"closed","template":"","meta":{"footnotes":""},"class_list":["post-355","page","type-page","status-publish","has-post-thumbnail","czr-hentry"],"_links":{"self":[{"href":"https:\/\/www.tmikuparinen.fi\/index.php\/wp-json\/wp\/v2\/pages\/355","targetHints":{"allow":["GET"]}}],"collection":[{"href":"https:\/\/www.tmikuparinen.fi\/index.php\/wp-json\/wp\/v2\/pages"}],"about":[{"href":"https:\/\/www.tmikuparinen.fi\/index.php\/wp-json\/wp\/v2\/types\/page"}],"author":[{"embeddable":true,"href":"https:\/\/www.tmikuparinen.fi\/index.php\/wp-json\/wp\/v2\/users\/1"}],"replies":[{"embeddable":true,"href":"https:\/\/www.tmikuparinen.fi\/index.php\/wp-json\/wp\/v2\/comments?post=355"}],"version-history":[{"count":43,"href":"https:\/\/www.tmikuparinen.fi\/index.php\/wp-json\/wp\/v2\/pages\/355\/revisions"}],"predecessor-version":[{"id":636,"href":"https:\/\/www.tmikuparinen.fi\/index.php\/wp-json\/wp\/v2\/pages\/355\/revisions\/636"}],"wp:featuredmedia":[{"embeddable":true,"href":"https:\/\/www.tmikuparinen.fi\/index.php\/wp-json\/wp\/v2\/media\/110"}],"wp:attachment":[{"href":"https:\/\/www.tmikuparinen.fi\/index.php\/wp-json\/wp\/v2\/media?parent=355"}],"curies":[{"name":"wp","href":"https:\/\/api.w.org\/{rel}","templated":true}]}}