{"id":460,"date":"2021-06-06T14:16:33","date_gmt":"2021-06-06T14:16:33","guid":{"rendered":"https:\/\/www.instantmetal.fi\/?page_id=460"},"modified":"2025-03-08T09:10:57","modified_gmt":"2025-03-08T09:10:57","slug":"evasteet","status":"publish","type":"page","link":"http:\/\/www.tmikuparinen.fi\/index.php\/evasteet\/","title":{"rendered":"Ev\u00e4steet"},"content":{"rendered":"\n<h3 class=\"wp-block-heading\">Ev\u00e4stek\u00e4yt\u00e4nn\u00f6t<\/h3>\n\n\n\n<p>P\u00e4ivitetty: 8.3.2025<br><br>Sivustomme k\u00e4ytt\u00e4\u00e4 ev\u00e4steit\u00e4. \u201cHyv\u00e4ksyn ev\u00e4steet\u201d -nappia painamalla hyv\u00e4ksyt ev\u00e4steiden k\u00e4yt\u00f6n. Ev\u00e4steet tekev\u00e4t sivustomme k\u00e4ytt\u00e4misest\u00e4 helppoa, nopeaa ja k\u00e4ytt\u00e4j\u00e4yst\u00e4v\u00e4llist\u00e4.<br><br>Ev\u00e4ste on pieni tekstitiedosto, jonka internet-selain tallentaa k\u00e4ytt\u00e4j\u00e4n laitteelle. Ev\u00e4steet asetetaan k\u00e4ytt\u00e4j\u00e4n p\u00e4\u00e4telaitteelle ainoastaan k\u00e4ytt\u00e4j\u00e4n kutsuman sivuston mukana. Vain ev\u00e4steen l\u00e4hett\u00e4nyt palvelin voi my\u00f6hemmin lukea ja k\u00e4ytt\u00e4\u00e4 ev\u00e4stett\u00e4. Ev\u00e4steet tai muut tekniikat eiv\u00e4t vahingoita k\u00e4ytt\u00e4j\u00e4n p\u00e4\u00e4telaitetta tai tiedostoja, eik\u00e4 ev\u00e4steit\u00e4 voi k\u00e4ytt\u00e4\u00e4 ohjelmien k\u00e4ytt\u00e4miseen tai haittaohjelmien levitt\u00e4miseen. K\u00e4ytt\u00e4j\u00e4\u00e4 ei voida tunnistaa pelkkien ev\u00e4steiden avulla.<br><br>Ev\u00e4steiden k\u00e4ytt\u00f6kohteet ovat analytiikan, markkinoinnin, viestinn\u00e4n tehostaminen. Ev\u00e4steet jakautuvat alaryhmiin: toiminnalliset ev\u00e4steet, tuotekehitys ja liiketoiminnan raportointi, mainonnan raportointi ja mainonnan kohdentaminen.<br><br>K\u00e4yt\u00f6ss\u00e4 on joitakin palvelun toiminnan kannalta pakollisia kolmannen osapuolen ty\u00f6kaluja tai liit\u00e4nn\u00e4isi\u00e4. T\u00e4llaisia ty\u00f6kaluja ovat esimerkiksi sivustoilla olevat sosiaalisten medioiden tai videopalveluiden upotukset tai sosiaalisten medioiden jako- ja tykk\u00e4ystoiminnallisuudet. T\u00e4llaiset kolmannen osapuolen liit\u00e4nn\u00e4iset saattavat lis\u00e4ksi ker\u00e4t\u00e4 verkkopalveluiden k\u00e4ytt\u00e4jist\u00e4 tietoja esimerkiksi sis\u00e4ll\u00f6n suosittelemiseksi tai k\u00e4vij\u00e4m\u00e4\u00e4r\u00e4n seuraamiseksi.<br><br>Voit halutessasi est\u00e4\u00e4 selaintasi k\u00e4ytt\u00e4m\u00e4st\u00e4 ev\u00e4steit\u00e4, poistaa tallennetut ev\u00e4steet tai pyyt\u00e4\u00e4 selaimeltasi ilmoituksen uusista ev\u00e4steist\u00e4. Ev\u00e4steiden k\u00e4yt\u00f6n est\u00e4minen tai niiden poistaminen saattaa haitata joitakin sivustomme toimintoja.<br><br>Voit lukea lis\u00e4\u00e4 ev\u00e4steist\u00e4 ja Suomen ev\u00e4stevaatimuksista viestint\u00e4viraston verkkosivustolta\u00a0<a href=\"https:\/\/www.kyberturvallisuuskeskus.fi\/fi\/toimintamme\/saantely-ja-valvonta\/luottamuksellinen-viestinta\" target=\"_blank\" rel=\"noreferrer noopener\">https:\/\/www.kyberturvallisuuskeskus.fi\/fi\/toimintamme\/saantely-ja-valvonta\/luottamuksellinen-viestinta<\/a><br><br>Varaamme oikeuden p\u00e4ivitt\u00e4\u00e4 ev\u00e4stek\u00e4yt\u00e4nt\u00f6j\u00e4 esimerkiksi palveluiden kehityksen tai pakottavan lains\u00e4\u00e4d\u00e4nn\u00f6n vuoksi.<\/p>\n","protected":false},"excerpt":{"rendered":"<p>Ev\u00e4stek\u00e4yt\u00e4nn\u00f6t P\u00e4ivitetty: 8.3.2025 Sivustomme k\u00e4ytt\u00e4\u00e4 ev\u00e4steit\u00e4. \u201cHyv\u00e4ksyn ev\u00e4steet\u201d -nappia painamalla hyv\u00e4ksyt ev\u00e4steiden k\u00e4yt\u00f6n. Ev\u00e4steet tekev\u00e4t sivustomme k\u00e4ytt\u00e4misest\u00e4 helppoa, nopeaa ja k\u00e4ytt\u00e4j\u00e4yst\u00e4v\u00e4llist\u00e4. Ev\u00e4ste on pieni tekstitiedosto, jonka internet-selain tallentaa k\u00e4ytt\u00e4j\u00e4n laitteelle. Ev\u00e4steet asetetaan k\u00e4ytt\u00e4j\u00e4n p\u00e4\u00e4telaitteelle ainoastaan k\u00e4ytt\u00e4j\u00e4n kutsuman sivuston mukana. Vain ev\u00e4steen l\u00e4hett\u00e4nyt palvelin voi my\u00f6hemmin lukea ja k\u00e4ytt\u00e4\u00e4 ev\u00e4stett\u00e4. Ev\u00e4steet tai muut tekniikat eiv\u00e4t vahingoita [&hellip;]<\/p>\n","protected":false},"author":1,"featured_media":0,"parent":0,"menu_order":0,"comment_status":"closed","ping_status":"closed","template":"","meta":{"footnotes":""},"class_list":["post-460","page","type-page","status-publish","czr-hentry"],"_links":{"self":[{"href":"http:\/\/www.tmikuparinen.fi\/index.php\/wp-json\/wp\/v2\/pages\/460","targetHints":{"allow":["GET"]}}],"collection":[{"href":"http:\/\/www.tmikuparinen.fi\/index.php\/wp-json\/wp\/v2\/pages"}],"about":[{"href":"http:\/\/www.tmikuparinen.fi\/index.php\/wp-json\/wp\/v2\/types\/page"}],"author":[{"embeddable":true,"href":"http:\/\/www.tmikuparinen.fi\/index.php\/wp-json\/wp\/v2\/users\/1"}],"replies":[{"embeddable":true,"href":"http:\/\/www.tmikuparinen.fi\/index.php\/wp-json\/wp\/v2\/comments?post=460"}],"version-history":[{"count":3,"href":"http:\/\/www.tmikuparinen.fi\/index.php\/wp-json\/wp\/v2\/pages\/460\/revisions"}],"predecessor-version":[{"id":600,"href":"http:\/\/www.tmikuparinen.fi\/index.php\/wp-json\/wp\/v2\/pages\/460\/revisions\/600"}],"wp:attachment":[{"href":"http:\/\/www.tmikuparinen.fi\/index.php\/wp-json\/wp\/v2\/media?parent=460"}],"curies":[{"name":"wp","href":"https:\/\/api.w.org\/{rel}","templated":true}]}}